{"id":3766,"date":"2024-12-20T10:55:41","date_gmt":"2024-12-20T10:55:41","guid":{"rendered":"https:\/\/calerishoes.com\/?page_id=3766"},"modified":"2025-01-10T14:46:02","modified_gmt":"2025-01-10T14:46:02","slug":"caleri-chi-siamo","status":"publish","type":"page","link":"https:\/\/www.calerishoes.com\/it\/caleri-chi-siamo\/","title":{"rendered":"Caleri &#8211; Chi siamo"},"content":{"rendered":"\t\t<div data-elementor-type=\"wp-page\" data-elementor-id=\"3766\" class=\"elementor elementor-3766\" data-elementor-post-type=\"page\">\n\t\t\t\t<div class=\"elementor-element elementor-element-1d8b1df e-con-full e-flex e-con e-parent\" data-id=\"1d8b1df\" data-element_type=\"container\" data-e-type=\"container\" data-settings=\"{&quot;background_background&quot;:&quot;classic&quot;,&quot;jet_parallax_layout_list&quot;:[]}\">\n\t\t\t\t<div class=\"elementor-element elementor-element-8c9e853 elementor-widget elementor-widget-button\" data-id=\"8c9e853\" data-element_type=\"widget\" data-e-type=\"widget\" data-widget_type=\"button.default\">\n\t\t\t\t\t\t\t\t\t\t<a class=\"elementor-button elementor-button-link elementor-size-sm elementor-animation-grow\" href=\"https:\/\/www.calerishoes.com\/shop-caleri-shoes-mocassini-scarpe-da-barca\/\">\n\t\t\t\t\t\t<span class=\"elementor-button-content-wrapper\">\n\t\t\t\t\t\t\t\t\t<span class=\"elementor-button-text\">Scopri tutti i prodotti<\/span>\n\t\t\t\t\t<\/span>\n\t\t\t\t\t<\/a>\n\t\t\t\t\t\t\t\t<\/div>\n\t\t\t\t<\/div>\n\t\t<div class=\"elementor-element elementor-element-IfkIgBR e-flex e-con-boxed e-con e-parent\" data-id=\"IfkIgBR\" data-element_type=\"container\" data-e-type=\"container\" data-settings=\"{&quot;background_background&quot;:&quot;classic&quot;,&quot;jet_parallax_layout_list&quot;:[]}\">\n\t\t\t\t\t<div class=\"e-con-inner\">\n\t\t<div class=\"elementor-element elementor-element-MW0c2u8 e-con-full e-flex e-con e-child\" data-id=\"MW0c2u8\" data-element_type=\"container\" data-e-type=\"container\" data-settings=\"{&quot;jet_parallax_layout_list&quot;:[]}\">\n\t\t\t\t<div class=\"elementor-element elementor-element-zAXQDBY elementor-widget elementor-widget-heading\" data-id=\"zAXQDBY\" data-element_type=\"widget\" data-e-type=\"widget\" data-widget_type=\"heading.default\">\n\t\t\t\t\t<h1 class=\"elementor-heading-title elementor-size-default\">Calzature Caleri Shoes<\/h1>\t\t\t\t<\/div>\n\t\t\t\t<div class=\"elementor-element elementor-element-vFNFIa9 elementor-widget elementor-widget-text-editor\" data-id=\"vFNFIa9\" data-element_type=\"widget\" data-e-type=\"widget\" data-widget_type=\"text-editor.default\">\n\t\t\t\t\t\t\t\t\t<p>Dove l\u2019eleganza incontra l\u2019artigianalit\u00e0 italiana e la passione per il comfort moderno si fonde con la sapienza della tradizione.<\/p>\t\t\t\t\t\t\t\t<\/div>\n\t\t\t\t<div class=\"elementor-element elementor-element-ca2328e elementor-pagination-position-outside elementor-widget elementor-widget-image-carousel\" data-id=\"ca2328e\" data-element_type=\"widget\" data-e-type=\"widget\" data-settings=\"{&quot;slides_to_show&quot;:&quot;3&quot;,&quot;navigation&quot;:&quot;dots&quot;,&quot;image_spacing_custom&quot;:{&quot;unit&quot;:&quot;px&quot;,&quot;size&quot;:30,&quot;sizes&quot;:[]},&quot;autoplay&quot;:&quot;yes&quot;,&quot;autoplay_speed&quot;:5000,&quot;infinite&quot;:&quot;yes&quot;,&quot;speed&quot;:500,&quot;image_spacing_custom_tablet&quot;:{&quot;unit&quot;:&quot;px&quot;,&quot;size&quot;:&quot;&quot;,&quot;sizes&quot;:[]},&quot;image_spacing_custom_mobile&quot;:{&quot;unit&quot;:&quot;px&quot;,&quot;size&quot;:&quot;&quot;,&quot;sizes&quot;:[]}}\" data-widget_type=\"image-carousel.default\">\n\t\t\t\t\t\t\t<div class=\"elementor-image-carousel-wrapper swiper\" role=\"region\" aria-roledescription=\"carousel\" aria-label=\"Carosello d&#039;immagini\" dir=\"ltr\">\n\t\t\t<div class=\"elementor-image-carousel swiper-wrapper\" aria-live=\"off\">\n\t\t\t\t\t\t\t\t<div class=\"swiper-slide\" role=\"group\" aria-roledescription=\"slide\" aria-label=\"1 di 5\"><figure class=\"swiper-slide-inner\"><img decoding=\"async\" class=\"swiper-slide-image\" src=\"https:\/\/www.calerishoes.com\/wp-content\/uploads\/2024\/11\/zefiro-mocassini-con-nappine-caleri-shoes-gallery-1.webp\" alt=\"zefiro-mocassini-con-nappine-caleri-shoes-gallery-1\" \/><\/figure><\/div><div class=\"swiper-slide\" role=\"group\" aria-roledescription=\"slide\" aria-label=\"2 di 5\"><figure class=\"swiper-slide-inner\"><img decoding=\"async\" class=\"swiper-slide-image\" src=\"https:\/\/www.calerishoes.com\/wp-content\/uploads\/2024\/11\/zefiro-mocassini-con-nappine-caleri-shoes-gallery-2.webp\" alt=\"zefiro-mocassini-con-nappine-caleri-shoes-gallery-2\" \/><\/figure><\/div><div class=\"swiper-slide\" role=\"group\" aria-roledescription=\"slide\" aria-label=\"3 di 5\"><figure class=\"swiper-slide-inner\"><img decoding=\"async\" class=\"swiper-slide-image\" src=\"https:\/\/www.calerishoes.com\/wp-content\/uploads\/2024\/11\/zefiro-mocassini-con-nappine-caleri-shoes-gallery-3.webp\" alt=\"zefiro-mocassini-con-nappine-caleri-shoes-gallery-3\" \/><\/figure><\/div><div class=\"swiper-slide\" role=\"group\" aria-roledescription=\"slide\" aria-label=\"4 di 5\"><figure class=\"swiper-slide-inner\"><img decoding=\"async\" class=\"swiper-slide-image\" src=\"https:\/\/www.calerishoes.com\/wp-content\/uploads\/2024\/05\/CALERI-ABOUT-02.webp\" alt=\"CALERI - ABOUT - 02\" \/><\/figure><\/div><div class=\"swiper-slide\" role=\"group\" aria-roledescription=\"slide\" aria-label=\"5 di 5\"><figure class=\"swiper-slide-inner\"><img decoding=\"async\" class=\"swiper-slide-image\" src=\"https:\/\/www.calerishoes.com\/wp-content\/uploads\/2024\/05\/CALERI-ABOUT-04.webp\" alt=\"CALERI - ABOUT - 04\" \/><\/figure><\/div>\t\t\t<\/div>\n\t\t\t\t\t\t\t\n\t\t\t\t\t\t\t\t\t<div class=\"swiper-pagination\"><\/div>\n\t\t\t\t\t\t\t\t\t<\/div>\n\t\t\t\t\t\t<\/div>\n\t\t\t\t<\/div>\n\t\t\t\t\t<\/div>\n\t\t\t\t<\/div>\n\t\t<div class=\"elementor-element elementor-element-eb5ffcc e-flex e-con-boxed e-con e-parent\" data-id=\"eb5ffcc\" data-element_type=\"container\" data-e-type=\"container\" data-settings=\"{&quot;jet_parallax_layout_list&quot;:[]}\">\n\t\t\t\t\t<div class=\"e-con-inner\">\n\t\t<div class=\"elementor-element elementor-element-3b7279c e-con-full e-flex e-con e-child\" data-id=\"3b7279c\" data-element_type=\"container\" data-e-type=\"container\" data-settings=\"{&quot;jet_parallax_layout_list&quot;:[]}\">\n\t\t\t\t<div class=\"elementor-element elementor-element-47c52d7 elementor-widget elementor-widget-heading\" data-id=\"47c52d7\" data-element_type=\"widget\" data-e-type=\"widget\" data-widget_type=\"heading.default\">\n\t\t\t\t\t<h2 class=\"elementor-heading-title elementor-size-default\">La nostra storia<\/h2>\t\t\t\t<\/div>\n\t\t\t\t<div class=\"elementor-element elementor-element-08219f1 elementor-widget elementor-widget-text-editor\" data-id=\"08219f1\" data-element_type=\"widget\" data-e-type=\"widget\" data-widget_type=\"text-editor.default\">\n\t\t\t\t\t\t\t\t\t<p><b>Caleri Shoes<\/b> rappresenta l\u2019incontro perfetto tra <i>eleganza, tradizione e modernit\u00e0<\/i>. Nato nella suggestiva cornice di <b>Porto Caleri<\/b>, il marchio incarna l\u2019autenticit\u00e0 dell\u2019artigianato veneto e la <b>qualit\u00e0 dei pellami marchigiani<\/b>.<\/p>\t\t\t\t\t\t\t\t<\/div>\n\t\t\t\t<div class=\"elementor-element elementor-element-086a234 elementor-widget elementor-widget-text-editor\" data-id=\"086a234\" data-element_type=\"widget\" data-e-type=\"widget\" data-widget_type=\"text-editor.default\">\n\t\t\t\t\t\t\t\t\t<p>Ogni calzatura \u00e8 frutto di una maestria artigiana tramandata da generazioni, unendo comfort e bellezza senza tempo. Caleri \u00e8 molto pi\u00f9 di un brand: \u00e8 un omaggio alla terra e alla tradizione italiana, un simbolo di eccellenza che porta con s\u00e9 l\u2019anima del <b>Made in Italy<\/b>.<\/p>\t\t\t\t\t\t\t\t<\/div>\n\t\t\t\t<\/div>\n\t\t<div class=\"elementor-element elementor-element-fe311b6 e-con-full e-flex e-con e-child\" data-id=\"fe311b6\" data-element_type=\"container\" data-e-type=\"container\" data-settings=\"{&quot;jet_parallax_layout_list&quot;:[],&quot;background_background&quot;:&quot;classic&quot;}\">\n\t\t\t\t<\/div>\n\t\t\t\t\t<\/div>\n\t\t\t\t<\/div>\n\t\t<div class=\"elementor-element elementor-element-78897cc e-flex e-con-boxed e-con e-parent\" data-id=\"78897cc\" data-element_type=\"container\" data-e-type=\"container\" data-settings=\"{&quot;jet_parallax_layout_list&quot;:[]}\">\n\t\t\t\t\t<div class=\"e-con-inner\">\n\t\t\t\t<div class=\"elementor-element elementor-element-bdafb44 elementor-widget elementor-widget-heading\" data-id=\"bdafb44\" data-element_type=\"widget\" data-e-type=\"widget\" data-widget_type=\"heading.default\">\n\t\t\t\t\t<h2 class=\"elementor-heading-title elementor-size-default\">Stile italiano per ogni occasione<\/h2>\t\t\t\t<\/div>\n\t\t\t\t<div class=\"elementor-element elementor-element-ed8969e elementor-widget elementor-widget-text-editor\" data-id=\"ed8969e\" data-element_type=\"widget\" data-e-type=\"widget\" data-widget_type=\"text-editor.default\">\n\t\t\t\t\t\t\t\t\t<p>Le <b>calzature Caleri<\/b> sono pensate per l\u2019<b>uomo moderno, sofisticato e attento ai dettagli<\/b>, che ricerca qualit\u00e0 autentica e stile in ogni momento della sua giornata.<\/p>\t\t\t\t\t\t\t\t<\/div>\n\t\t\t\t<div class=\"elementor-element elementor-element-1884de8 elementor-widget elementor-widget-text-editor\" data-id=\"1884de8\" data-element_type=\"widget\" data-e-type=\"widget\" data-widget_type=\"text-editor.default\">\n\t\t\t\t\t\t\t\t\t<p>Le nostre collezioni celebrano lo stile italiano, accompagnandoti con classe dagli aperitivi sul lungomare alle passeggiate nelle citt\u00e0 d\u2019arte.<\/p>\t\t\t\t\t\t\t\t<\/div>\n\t\t\t\t<div class=\"elementor-element elementor-element-daad485 elementor-align-center elementor-widget elementor-widget-button\" data-id=\"daad485\" data-element_type=\"widget\" data-e-type=\"widget\" data-widget_type=\"button.default\">\n\t\t\t\t\t\t\t\t\t\t<a class=\"elementor-button elementor-button-link elementor-size-sm elementor-animation-grow\" href=\"https:\/\/www.calerishoes.com\/\">\n\t\t\t\t\t\t<span class=\"elementor-button-content-wrapper\">\n\t\t\t\t\t\t\t\t\t<span class=\"elementor-button-text\">Scopri le collezioni<\/span>\n\t\t\t\t\t<\/span>\n\t\t\t\t\t<\/a>\n\t\t\t\t\t\t\t\t<\/div>\n\t\t\t\t\t<\/div>\n\t\t\t\t<\/div>\n\t\t<div class=\"elementor-element elementor-element-c390044 e-flex e-con-boxed e-con e-parent\" data-id=\"c390044\" data-element_type=\"container\" data-e-type=\"container\" data-settings=\"{&quot;background_background&quot;:&quot;classic&quot;,&quot;jet_parallax_layout_list&quot;:[]}\">\n\t\t\t\t\t<div class=\"e-con-inner\">\n\t\t<div class=\"elementor-element elementor-element-1d76368 e-con-full e-flex e-con e-child\" data-id=\"1d76368\" data-element_type=\"container\" data-e-type=\"container\" data-settings=\"{&quot;jet_parallax_layout_list&quot;:[]}\">\n\t\t<div class=\"elementor-element elementor-element-6a40cbe e-con-full e-flex e-con e-child\" data-id=\"6a40cbe\" data-element_type=\"container\" data-e-type=\"container\" data-settings=\"{&quot;background_background&quot;:&quot;classic&quot;,&quot;jet_parallax_layout_list&quot;:[]}\">\n\t\t\t\t<div class=\"elementor-element elementor-element-dd75ccc elementor-widget elementor-widget-spacer\" data-id=\"dd75ccc\" data-element_type=\"widget\" data-e-type=\"widget\" data-widget_type=\"spacer.default\">\n\t\t\t\t\t\t\t<div class=\"elementor-spacer\">\n\t\t\t<div class=\"elementor-spacer-inner\"><\/div>\n\t\t<\/div>\n\t\t\t\t\t\t<\/div>\n\t\t\t\t<\/div>\n\t\t<div class=\"elementor-element elementor-element-70b9fc9 e-con-full e-flex e-con e-child\" data-id=\"70b9fc9\" data-element_type=\"container\" data-e-type=\"container\" data-settings=\"{&quot;jet_parallax_layout_list&quot;:[]}\">\n\t\t\t\t<div class=\"elementor-element elementor-element-de3a337 elementor-widget elementor-widget-heading\" data-id=\"de3a337\" data-element_type=\"widget\" data-e-type=\"widget\" data-widget_type=\"heading.default\">\n\t\t\t\t\t<h2 class=\"elementor-heading-title elementor-size-default\">Selezione dei Pellami<\/h2>\t\t\t\t<\/div>\n\t\t\t\t<div class=\"elementor-element elementor-element-de05501 elementor-widget elementor-widget-text-editor\" data-id=\"de05501\" data-element_type=\"widget\" data-e-type=\"widget\" data-widget_type=\"text-editor.default\">\n\t\t\t\t\t\t\t\t\t<p>La nostra produzione inizia con una scelta scrupolosa dei migliori <b>pellami marchigiani<\/b>, rinomati per qualit\u00e0 e durata. Questo passaggio cruciale garantisce che ogni calzatura sia una combinazione perfetta di bellezza e resistenza.<\/p>\t\t\t\t\t\t\t\t<\/div>\n\t\t\t\t<\/div>\n\t\t\t\t<\/div>\n\t\t<div class=\"elementor-element elementor-element-8ef4c28 e-con-full e-flex e-con e-child\" data-id=\"8ef4c28\" data-element_type=\"container\" data-e-type=\"container\" data-settings=\"{&quot;jet_parallax_layout_list&quot;:[]}\">\n\t\t<div class=\"elementor-element elementor-element-ca408fb e-con-full e-flex e-con e-child\" data-id=\"ca408fb\" data-element_type=\"container\" data-e-type=\"container\" data-settings=\"{&quot;background_background&quot;:&quot;classic&quot;,&quot;jet_parallax_layout_list&quot;:[]}\">\n\t\t\t\t<div class=\"elementor-element elementor-element-275e8ec elementor-widget elementor-widget-spacer\" data-id=\"275e8ec\" data-element_type=\"widget\" data-e-type=\"widget\" data-widget_type=\"spacer.default\">\n\t\t\t\t\t\t\t<div class=\"elementor-spacer\">\n\t\t\t<div class=\"elementor-spacer-inner\"><\/div>\n\t\t<\/div>\n\t\t\t\t\t\t<\/div>\n\t\t\t\t<\/div>\n\t\t<div class=\"elementor-element elementor-element-a94c9a8 e-con-full e-flex e-con e-child\" data-id=\"a94c9a8\" data-element_type=\"container\" data-e-type=\"container\" data-settings=\"{&quot;jet_parallax_layout_list&quot;:[]}\">\n\t\t\t\t<div class=\"elementor-element elementor-element-627457d elementor-widget elementor-widget-heading\" data-id=\"627457d\" data-element_type=\"widget\" data-e-type=\"widget\" data-widget_type=\"heading.default\">\n\t\t\t\t\t<h2 class=\"elementor-heading-title elementor-size-default\">Taglio e lavorazione<\/h2>\t\t\t\t<\/div>\n\t\t\t\t<div class=\"elementor-element elementor-element-a92ffec elementor-widget elementor-widget-text-editor\" data-id=\"a92ffec\" data-element_type=\"widget\" data-e-type=\"widget\" data-widget_type=\"text-editor.default\">\n\t\t\t\t\t\t\t\t\t<p>Il taglio del pellame \u00e8 un\u2019arte affidata alle mani esperte dei nostri <b>artigiani veneti<\/b>. Ogni pezzo viene lavorato con precisione per massimizzare la resa e preservare la qualit\u00e0 del materiale. Questo approccio artigianale \u00e8 il segreto dello stile e del comfort che definiscono Caleri.<\/p>\t\t\t\t\t\t\t\t<\/div>\n\t\t\t\t<\/div>\n\t\t\t\t<\/div>\n\t\t<div class=\"elementor-element elementor-element-f28fbbc e-con-full e-flex e-con e-child\" data-id=\"f28fbbc\" data-element_type=\"container\" data-e-type=\"container\" data-settings=\"{&quot;jet_parallax_layout_list&quot;:[]}\">\n\t\t<div class=\"elementor-element elementor-element-d322fd2 e-con-full e-flex e-con e-child\" data-id=\"d322fd2\" data-element_type=\"container\" data-e-type=\"container\" data-settings=\"{&quot;background_background&quot;:&quot;classic&quot;,&quot;jet_parallax_layout_list&quot;:[]}\">\n\t\t\t\t<div class=\"elementor-element elementor-element-6143c28 elementor-widget elementor-widget-spacer\" data-id=\"6143c28\" data-element_type=\"widget\" data-e-type=\"widget\" data-widget_type=\"spacer.default\">\n\t\t\t\t\t\t\t<div class=\"elementor-spacer\">\n\t\t\t<div class=\"elementor-spacer-inner\"><\/div>\n\t\t<\/div>\n\t\t\t\t\t\t<\/div>\n\t\t\t\t<\/div>\n\t\t<div class=\"elementor-element elementor-element-e29f4aa e-con-full e-flex e-con e-child\" data-id=\"e29f4aa\" data-element_type=\"container\" data-e-type=\"container\" data-settings=\"{&quot;jet_parallax_layout_list&quot;:[]}\">\n\t\t\t\t<div class=\"elementor-element elementor-element-5fec25b elementor-widget elementor-widget-heading\" data-id=\"5fec25b\" data-element_type=\"widget\" data-e-type=\"widget\" data-widget_type=\"heading.default\">\n\t\t\t\t\t<h2 class=\"elementor-heading-title elementor-size-default\">Tradizione e Innovazione<\/h2>\t\t\t\t<\/div>\n\t\t\t\t<div class=\"elementor-element elementor-element-f2b9589 elementor-widget elementor-widget-text-editor\" data-id=\"f2b9589\" data-element_type=\"widget\" data-e-type=\"widget\" data-widget_type=\"text-editor.default\">\n\t\t\t\t\t\t\t\t\t<p>Ogni mocassino e scarpa da barca racconta una storia di maestria italiana. Modelli iconici come i <b>mocassini Levante e le scarpe da barca Grecale<\/b> prendono vita dalla sinergia tra creativit\u00e0, tradizione e innovazione tecnologica.<\/p>\t\t\t\t\t\t\t\t<\/div>\n\t\t\t\t<\/div>\n\t\t\t\t<\/div>\n\t\t<div class=\"elementor-element elementor-element-33bbea6 e-con-full e-flex e-con e-child\" data-id=\"33bbea6\" data-element_type=\"container\" data-e-type=\"container\" data-settings=\"{&quot;jet_parallax_layout_list&quot;:[]}\">\n\t\t<div class=\"elementor-element elementor-element-2140bf1 e-con-full e-flex e-con e-child\" data-id=\"2140bf1\" data-element_type=\"container\" data-e-type=\"container\" data-settings=\"{&quot;background_background&quot;:&quot;classic&quot;,&quot;jet_parallax_layout_list&quot;:[]}\">\n\t\t\t\t<div class=\"elementor-element elementor-element-e097f9e elementor-widget elementor-widget-spacer\" data-id=\"e097f9e\" data-element_type=\"widget\" data-e-type=\"widget\" data-widget_type=\"spacer.default\">\n\t\t\t\t\t\t\t<div class=\"elementor-spacer\">\n\t\t\t<div class=\"elementor-spacer-inner\"><\/div>\n\t\t<\/div>\n\t\t\t\t\t\t<\/div>\n\t\t\t\t<\/div>\n\t\t<div class=\"elementor-element elementor-element-5248092 e-con-full e-flex e-con e-child\" data-id=\"5248092\" data-element_type=\"container\" data-e-type=\"container\" data-settings=\"{&quot;jet_parallax_layout_list&quot;:[]}\">\n\t\t\t\t<div class=\"elementor-element elementor-element-9e8c0c5 elementor-widget elementor-widget-heading\" data-id=\"9e8c0c5\" data-element_type=\"widget\" data-e-type=\"widget\" data-widget_type=\"heading.default\">\n\t\t\t\t\t<h2 class=\"elementor-heading-title elementor-size-default\">Impegno per il cliente<\/h2>\t\t\t\t<\/div>\n\t\t\t\t<div class=\"elementor-element elementor-element-a20766d elementor-widget elementor-widget-text-editor\" data-id=\"a20766d\" data-element_type=\"widget\" data-e-type=\"widget\" data-widget_type=\"text-editor.default\">\n\t\t\t\t\t\t\t\t\t<p>Il nostro obiettivo \u00e8 creare calzature che uniscano bellezza, comfort e durata. La qualit\u00e0, l\u2019<b>attenzione ai dettagli e la passione per l\u2019eccellenza<\/b> sono i pilastri che guidano ogni fase del nostro lavoro, sempre orientato alla soddisfazione del cliente.<\/p>\t\t\t\t\t\t\t\t<\/div>\n\t\t\t\t<\/div>\n\t\t\t\t<\/div>\n\t\t\t\t\t<\/div>\n\t\t\t\t<\/div>\n\t\t\t\t<\/div>\n\t\t","protected":false},"excerpt":{"rendered":"<p>Scopri tutti i prodotti Calzature Caleri Shoes Dove l\u2019eleganza incontra l\u2019artigianalit\u00e0 italiana e la passione per il comfort moderno si fonde con la sapienza della tradizione. La nostra storia Caleri Shoes rappresenta l\u2019incontro perfetto tra eleganza, tradizione e modernit\u00e0. Nato nella suggestiva cornice di Porto Caleri, il marchio incarna l\u2019autenticit\u00e0 dell\u2019artigianato veneto e la qualit\u00e0 [&hellip;]<\/p>\n","protected":false},"author":7,"featured_media":0,"parent":0,"menu_order":0,"comment_status":"closed","ping_status":"closed","template":"","meta":{"footnotes":""},"class_list":["post-3766","page","type-page","status-publish","hentry"],"_links":{"self":[{"href":"https:\/\/www.calerishoes.com\/it\/wp-json\/wp\/v2\/pages\/3766","targetHints":{"allow":["GET"]}}],"collection":[{"href":"https:\/\/www.calerishoes.com\/it\/wp-json\/wp\/v2\/pages"}],"about":[{"href":"https:\/\/www.calerishoes.com\/it\/wp-json\/wp\/v2\/types\/page"}],"author":[{"embeddable":true,"href":"https:\/\/www.calerishoes.com\/it\/wp-json\/wp\/v2\/users\/7"}],"replies":[{"embeddable":true,"href":"https:\/\/www.calerishoes.com\/it\/wp-json\/wp\/v2\/comments?post=3766"}],"version-history":[{"count":0,"href":"https:\/\/www.calerishoes.com\/it\/wp-json\/wp\/v2\/pages\/3766\/revisions"}],"wp:attachment":[{"href":"https:\/\/www.calerishoes.com\/it\/wp-json\/wp\/v2\/media?parent=3766"}],"curies":[{"name":"wp","href":"https:\/\/api.w.org\/{rel}","templated":true}]}}