{"id":2251,"date":"2024-07-08T07:44:55","date_gmt":"2024-07-08T07:44:55","guid":{"rendered":"https:\/\/calerishoes.com\/?page_id=2251"},"modified":"2024-07-08T07:58:42","modified_gmt":"2024-07-08T07:58:42","slug":"declinazione-di-responsabilita","status":"publish","type":"page","link":"https:\/\/www.calerishoes.com\/it\/declinazione-di-responsabilita\/","title":{"rendered":"Declinazione di responsabilit\u00e0"},"content":{"rendered":"\t\t<div data-elementor-type=\"wp-page\" data-elementor-id=\"2251\" class=\"elementor elementor-2251\" data-elementor-post-type=\"page\">\n\t\t\t\t<div class=\"elementor-element elementor-element-70692a45 e-flex e-con-boxed e-con e-parent\" data-id=\"70692a45\" data-element_type=\"container\" data-e-type=\"container\" data-settings=\"{&quot;jet_parallax_layout_list&quot;:[]}\">\n\t\t\t\t\t<div class=\"e-con-inner\">\n\t\t\t\t<div class=\"elementor-element elementor-element-621165df elementor-widget elementor-widget-text-editor\" data-id=\"621165df\" data-element_type=\"widget\" data-e-type=\"widget\" data-widget_type=\"text-editor.default\">\n\t\t\t\t\t\t\t\t\t<p><b>Calzaturificio Liverpool Srl<\/b><span style=\"font-weight: 400;\"> pubblica informazioni sul proprio sito web con lo scopo di offrire ai propri utenti e clienti un servizio. Tuttavia, declina ogni responsabilit\u00e0 per quanto segue:<\/span><\/p><ul><li style=\"font-weight: 400;\" aria-level=\"1\"><b>Eventuali inesattezze dal punto di vista tecnico o fattuale e\/o errori tipografici.<\/b><span style=\"font-weight: 400;\"> In caso di segnalazione, tali errori saranno tempestivamente corretti.<\/span><\/li><li style=\"font-weight: 400;\" aria-level=\"1\"><b>Modifiche al sito web.<\/b><span style=\"font-weight: 400;\"> Calzaturificio Liverpool Srl si riserva il diritto di apportare modifiche e correzioni al sito ogni qualvolta lo ritenga necessario, anche senza preavviso.<\/span><\/li><li style=\"font-weight: 400;\" aria-level=\"1\"><b>Conformit\u00e0 delle informazioni alle leggi del paese del Cliente.<\/b><span style=\"font-weight: 400;\"> Calzaturificio Liverpool Srl non garantisce che le informazioni reperibili sul proprio sito siano conformi alle leggi del paese di residenza del Cliente.<\/span><\/li><li style=\"font-weight: 400;\" aria-level=\"1\"><b>Problemi, danni o rischi derivanti dall&#8217;utilizzo del sito.<\/b><span style=\"font-weight: 400;\"> Calzaturificio Liverpool Srl declina ogni responsabilit\u00e0 per qualsiasi problema, danno o rischio che l&#8217;utente possa incontrare utilizzando il sito.<\/span><\/li><li style=\"font-weight: 400;\" aria-level=\"1\"><b>Malfunzionamenti legati alla disattivazione dei cookie.<\/b><span style=\"font-weight: 400;\"> Il sito web calerishoes.com \u00e8 protetto secondo gli standard internazionali previsti per internet. Se usato correttamente, l&#8217;utente \u00e8 protetto dal rischio di virus. Tuttavia, Calzaturificio Liverpool Srl declina ogni responsabilit\u00e0 per eventuali malfunzionamenti legati alla disattivazione dei cookie nel browser dell&#8217;utente.<\/span><\/li><li style=\"font-weight: 400;\" aria-level=\"1\"><b>Modifiche ai termini e condizioni.<\/b><span style=\"font-weight: 400;\"> Calzaturificio Liverpool Srl si riserva il diritto di modificare i termini e le condizioni di questo disclaimer, aggiornandolo ogni volta che lo ritenga opportuno, senza alcun obbligo di preavviso.<\/span><\/li><\/ul><p>\u00a0<\/p><p><b>L&#8217;utente \u00e8 tenuto ad attenersi ai termini contenuti in questo disclaimer, controllandone periodicamente eventuali aggiornamenti, modifiche e correzioni.<\/b><\/p>\t\t\t\t\t\t\t\t<\/div>\n\t\t\t\t\t<\/div>\n\t\t\t\t<\/div>\n\t\t\t\t<\/div>\n\t\t","protected":false},"excerpt":{"rendered":"<p>Calzaturificio Liverpool Srl pubblica informazioni sul proprio sito web con lo scopo di offrire ai propri utenti e clienti un servizio. Tuttavia, declina ogni responsabilit\u00e0 per quanto segue: Eventuali inesattezze dal punto di vista tecnico o fattuale e\/o errori tipografici. In caso di segnalazione, tali errori saranno tempestivamente corretti. Modifiche al sito web. Calzaturificio Liverpool [&hellip;]<\/p>\n","protected":false},"author":7,"featured_media":0,"parent":0,"menu_order":0,"comment_status":"closed","ping_status":"closed","template":"","meta":{"footnotes":""},"class_list":["post-2251","page","type-page","status-publish","hentry"],"_links":{"self":[{"href":"https:\/\/www.calerishoes.com\/it\/wp-json\/wp\/v2\/pages\/2251","targetHints":{"allow":["GET"]}}],"collection":[{"href":"https:\/\/www.calerishoes.com\/it\/wp-json\/wp\/v2\/pages"}],"about":[{"href":"https:\/\/www.calerishoes.com\/it\/wp-json\/wp\/v2\/types\/page"}],"author":[{"embeddable":true,"href":"https:\/\/www.calerishoes.com\/it\/wp-json\/wp\/v2\/users\/7"}],"replies":[{"embeddable":true,"href":"https:\/\/www.calerishoes.com\/it\/wp-json\/wp\/v2\/comments?post=2251"}],"version-history":[{"count":0,"href":"https:\/\/www.calerishoes.com\/it\/wp-json\/wp\/v2\/pages\/2251\/revisions"}],"wp:attachment":[{"href":"https:\/\/www.calerishoes.com\/it\/wp-json\/wp\/v2\/media?parent=2251"}],"curies":[{"name":"wp","href":"https:\/\/api.w.org\/{rel}","templated":true}]}}