{"id":2232,"date":"2024-07-08T07:24:12","date_gmt":"2024-07-08T07:24:12","guid":{"rendered":"https:\/\/calerishoes.com\/?page_id=2232"},"modified":"2025-05-27T09:56:46","modified_gmt":"2025-05-27T09:56:46","slug":"politica-di-spedizione","status":"publish","type":"page","link":"https:\/\/www.calerishoes.com\/it\/politica-di-spedizione\/","title":{"rendered":"Politica di Spedizione"},"content":{"rendered":"\t\t<div data-elementor-type=\"wp-page\" data-elementor-id=\"2232\" class=\"elementor elementor-2232\" data-elementor-post-type=\"page\">\n\t\t\t\t<div class=\"elementor-element elementor-element-70692a45 e-flex e-con-boxed e-con e-parent\" data-id=\"70692a45\" data-element_type=\"container\" data-e-type=\"container\" data-settings=\"{&quot;jet_parallax_layout_list&quot;:[]}\">\n\t\t\t\t\t<div class=\"e-con-inner\">\n\t\t\t\t<div class=\"elementor-element elementor-element-621165df elementor-widget elementor-widget-text-editor\" data-id=\"621165df\" data-element_type=\"widget\" data-e-type=\"widget\" data-widget_type=\"text-editor.default\">\n\t\t\t\t\t\t\t\t\t<p><strong>Qual \u00e8 il costo della spedizione?<\/strong><\/p>\n<p>La spedizione \u00e8 gratuita in tutta Italia.<\/p>\n<p><strong>In quanto tempo arriver\u00e0 il mio pacco?<\/strong><\/p>\n<p>Caleri Shoes garantisce la consegna in 3-7 giorni lavorativi a partire dalla notifica di avvenuta spedizione. Gli ordini vengono spediti dal luned\u00ec al venerd\u00ec. In alcuni periodi, a causa di festivit\u00e0 o picchi di richieste, le consegne potrebbero subire dei ritardi.&nbsp;<br>Gli ordini saranno affidati al corriere al pi\u00f9 tardi entro trenta (30) giorni lavorativi a partire dal giorno successivo all&#8217;invio della e-mail di Conferma di Ordine.<\/p>\n<p>In caso di pagamento tramite bonifico bancario, Calzaturificio Liverpool Srl si riserva di attendere l&#8217;accredito del pagamento prima di procedere alla spedizione.<\/p><p><span style=\"font-weight: bolder;\">\u00c8 possibile ricevere pi\u00f9 ordini in un\u2019unica spedizione?<\/span><\/p><p>Certamente, quando possibile cerchiamo di ridurre il numero di imballaggi e spedizioni, per diminuire gli sprechi e l&#8217;emissione di agenti inquinanti.<\/p>\n<p><strong>Come faccio a sapere se il mio ordine \u00e8 stato spedito?<\/strong><\/p>\n<p>Caleri Shoes ti informa tramite e-mail riguardo ogni cambiamento di stato del tuo ordine. Non appena sar\u00e0 spedito, riceverai un codice di spedizione e un link che ti permetteranno di conoscere la posizione esatta del tuo pacco, nonch\u00e9 il vettore della spedizione.<\/p>\n<p><span style=\"font-weight: bolder;\">Cosa faccio se il mio numero di tracking non funziona?<\/span><\/p><p>Se il numero di tracciamento non funziona o risulta inesistente, non preoccuparti: il trasferimento delle informazioni dal corriere ai nostri sistemi pu\u00f2 richiedere fino a 24 ore. Durante questo periodo, i dettagli del tuo ordine potrebbero essere parziali o il numero di tracciamento potrebbe risultare &#8220;inesistente&#8221;. Ti consigliamo quindi di verificare nuovamente dopo 24 ore dalla ricezione dell&#8217;email con il tracking di spedizione.<\/p>\n<p><strong>Cosa succede se non sono a casa al momento della consegna del pacco?<\/strong><\/p>\n<p>Se non sei a casa al momento della consegna del pacco, il vettore far\u00e0 un ulteriore tentativo di consegna. Se fallir\u00e0 anche questo secondo tentativo, il tuo pacco andr\u00e0 in giacenza. A quel punto, dovrai contattare il vettore incaricato di consegnare il tuo pacco per ritirare le tue calzature Caleri alla giacenza di competenza.<\/p>\n<p><br><\/p>\t\t\t\t\t\t\t\t<\/div>\n\t\t\t\t\t<\/div>\n\t\t\t\t<\/div>\n\t\t\t\t<\/div>\n\t\t","protected":false},"excerpt":{"rendered":"<p>Qual \u00e8 il costo della spedizione? La spedizione \u00e8 gratuita in tutta Italia. In quanto tempo arriver\u00e0 il mio pacco? Caleri Shoes garantisce la consegna in 3-7 giorni lavorativi a partire dalla notifica di avvenuta spedizione. Gli ordini vengono spediti dal luned\u00ec al venerd\u00ec. In alcuni periodi, a causa di festivit\u00e0 o picchi di richieste, [&hellip;]<\/p>\n","protected":false},"author":7,"featured_media":2179,"parent":0,"menu_order":0,"comment_status":"closed","ping_status":"closed","template":"","meta":{"footnotes":""},"class_list":["post-2232","page","type-page","status-publish","has-post-thumbnail","hentry"],"_links":{"self":[{"href":"https:\/\/www.calerishoes.com\/it\/wp-json\/wp\/v2\/pages\/2232","targetHints":{"allow":["GET"]}}],"collection":[{"href":"https:\/\/www.calerishoes.com\/it\/wp-json\/wp\/v2\/pages"}],"about":[{"href":"https:\/\/www.calerishoes.com\/it\/wp-json\/wp\/v2\/types\/page"}],"author":[{"embeddable":true,"href":"https:\/\/www.calerishoes.com\/it\/wp-json\/wp\/v2\/users\/7"}],"replies":[{"embeddable":true,"href":"https:\/\/www.calerishoes.com\/it\/wp-json\/wp\/v2\/comments?post=2232"}],"version-history":[{"count":0,"href":"https:\/\/www.calerishoes.com\/it\/wp-json\/wp\/v2\/pages\/2232\/revisions"}],"wp:featuredmedia":[{"embeddable":true,"href":"https:\/\/www.calerishoes.com\/it\/wp-json\/wp\/v2\/media\/2179"}],"wp:attachment":[{"href":"https:\/\/www.calerishoes.com\/it\/wp-json\/wp\/v2\/media?parent=2232"}],"curies":[{"name":"wp","href":"https:\/\/api.w.org\/{rel}","templated":true}]}}