{"id":1139,"date":"2024-05-29T10:06:42","date_gmt":"2024-05-29T10:06:42","guid":{"rendered":"https:\/\/calerishoes.com\/?page_id=1139"},"modified":"2024-05-30T14:07:25","modified_gmt":"2024-05-30T14:07:25","slug":"chi-siamo-caleri-mocassini-scarpe-da-barca","status":"publish","type":"page","link":"https:\/\/www.calerishoes.com\/it\/chi-siamo-caleri-mocassini-scarpe-da-barca\/","title":{"rendered":"Chi siamo"},"content":{"rendered":"\n<p>Benvenuto nel mondo <strong>Caleri<\/strong>, dove l&#8217;eleganza incontra l&#8217;artigianalit\u00e0 italiana e la passione per il comfort moderno si fonde con la sapienza della tradizione.<\/p>\n\n\n\n<p>Caleri \u00e8 pi\u00f9 di un semplice marchio di <strong>calzature<\/strong>: \u00e8 il riflesso di un&#8217;esperienza autentica, radicata nell&#8217;arte dell&#8217;<strong>artigianato veneto<\/strong> e nell&#8217;eccellenza dei<strong> pellami marchigiani<\/strong>. Ogni paio di <strong>mocassini <\/strong>e <strong>scarpe da barca<\/strong> porta con s\u00e9 l&#8217;eredit\u00e0 di secoli di maestria artigiana, lavorata con cura e dedizione da mani esperte.<\/p>\n\n\n\n<p>Nato dall&#8217;ardente amore per l&#8217;autenticit\u00e0 e la bellezza intrinseca delle calzature, il <strong>marchio Caleri<\/strong> affonda le sue radici nella suggestiva cornice di <strong>Porto Caleri<\/strong>, una gemma protetta della provincia di Rovigo. In questo lembo di terra bagnato dal mare Adriatico, dove regna una biodiversit\u00e0 straordinaria, abbiamo coltivato l&#8217;idea di creare un marchio di <strong>calzature made in Italy<\/strong> che incarna lo spirito della nostra terra e la tradizione artigiana italiana.<\/p>\n\n\n\n<p>Le <strong>calzature Caleri<\/strong> sono progettate per l&#8217;uomo contemporaneo, raffinato e attento alla moda, che apprezza la qualit\u00e0 autentica e i dettagli sofisticati in ogni aspetto della sua vita. Dai momenti informali agli appuntamenti pi\u00f9 cool, i nostri <strong>mocassini <\/strong>e<strong> scarpe da barca <\/strong>sono l&#8217;emblema della versatilit\u00e0 e dell&#8217;eleganza senza sforzo.<\/p>\n\n\n\n<p>Siamo fieri di presentarti <strong>due collezioni<\/strong> che celebrano l&#8217;essenza dello <strong>stile italiano<\/strong>, con calzature che si adattano perfettamente a ogni occasione: dagli aperitivi al tramonto sul lungomare alle passeggiate tra le strade delle citt\u00e0 d&#8217;arte.&nbsp;<\/p>\n\n\n\n<p>Ogni passo con le <strong>calzature da uomo Caleri <\/strong>\u00e8 un&#8217;esperienza di <strong>stile e comfort<\/strong>.<\/p>\n\n\n\n<p>In sintonia con i tempi moderni, il <strong>brand Caleri<\/strong> abbraccia l&#8217;innovazione offrendo ai nostri clienti un&#8217;esperienza di <strong>shopping totalmente digitale<\/strong>. Senza compromessi sulla qualit\u00e0, abbiamo scelto di eliminare gli intermediari e i negozi fisici, garantendo cos\u00ec un<strong> prodotto di lusso<\/strong> accessibile direttamente dal produttore al consumatore.&nbsp;<\/p>\n\n\n\n<p>Unisciti a noi nel viaggio verso l&#8217;<strong>autenticit\u00e0<\/strong> e l&#8217;<strong>eleganza senza tempo<\/strong> e lasciati conquistare dal mondo Caleri, dove la tradizione si incontra con lo stile contemporaneo e la bellezza \u00e8 fatta su misura per te.<\/p>\n","protected":false},"excerpt":{"rendered":"<p>Benvenuto nel mondo Caleri, dove l&#8217;eleganza incontra l&#8217;artigianalit\u00e0 italiana e la passione per il comfort moderno si fonde con la sapienza della tradizione. Caleri \u00e8 pi\u00f9 di un semplice marchio di calzature: \u00e8 il riflesso di un&#8217;esperienza autentica, radicata nell&#8217;arte dell&#8217;artigianato veneto e nell&#8217;eccellenza dei pellami marchigiani. Ogni paio di mocassini e scarpe da barca [&hellip;]<\/p>\n","protected":false},"author":7,"featured_media":1140,"parent":0,"menu_order":0,"comment_status":"closed","ping_status":"closed","template":"","meta":{"footnotes":""},"class_list":["post-1139","page","type-page","status-publish","has-post-thumbnail","hentry"],"_links":{"self":[{"href":"https:\/\/www.calerishoes.com\/it\/wp-json\/wp\/v2\/pages\/1139","targetHints":{"allow":["GET"]}}],"collection":[{"href":"https:\/\/www.calerishoes.com\/it\/wp-json\/wp\/v2\/pages"}],"about":[{"href":"https:\/\/www.calerishoes.com\/it\/wp-json\/wp\/v2\/types\/page"}],"author":[{"embeddable":true,"href":"https:\/\/www.calerishoes.com\/it\/wp-json\/wp\/v2\/users\/7"}],"replies":[{"embeddable":true,"href":"https:\/\/www.calerishoes.com\/it\/wp-json\/wp\/v2\/comments?post=1139"}],"version-history":[{"count":0,"href":"https:\/\/www.calerishoes.com\/it\/wp-json\/wp\/v2\/pages\/1139\/revisions"}],"wp:featuredmedia":[{"embeddable":true,"href":"https:\/\/www.calerishoes.com\/it\/wp-json\/wp\/v2\/media\/1140"}],"wp:attachment":[{"href":"https:\/\/www.calerishoes.com\/it\/wp-json\/wp\/v2\/media?parent=1139"}],"curies":[{"name":"wp","href":"https:\/\/api.w.org\/{rel}","templated":true}]}}